{"id":72,"date":"2025-08-12T20:34:18","date_gmt":"2025-08-12T20:34:18","guid":{"rendered":"https:\/\/servilar.ao\/?page_id=72"},"modified":"2026-02-24T20:20:12","modified_gmt":"2026-02-24T20:20:12","slug":"home","status":"publish","type":"page","link":"https:\/\/servilar.ao\/","title":{"rendered":"Servilar"},"content":{"rendered":"\t\t<div data-elementor-type=\"wp-page\" data-elementor-id=\"72\" class=\"elementor elementor-72\">\n\t\t\t\t<div class=\"elementor-element elementor-element-bd9e72a e-flex e-con-boxed e-con e-parent\" data-id=\"bd9e72a\" data-element_type=\"container\" data-e-type=\"container\" data-settings=\"{&quot;background_background&quot;:&quot;slideshow&quot;,&quot;background_slideshow_gallery&quot;:[{&quot;id&quot;:123,&quot;url&quot;:&quot;https:\\\/\\\/servilar.ao\\\/wp-content\\\/uploads\\\/2025\\\/08\\\/cleaning-services-plain-blue-background.jpg&quot;},{&quot;id&quot;:124,&quot;url&quot;:&quot;https:\\\/\\\/servilar.ao\\\/wp-content\\\/uploads\\\/2025\\\/08\\\/headshot-pleased-smiling-woman-friendly-look-embraces-bottles-with-detergent-wears-gloves-wa.jpg&quot;},{&quot;id&quot;:125,&quot;url&quot;:&quot;https:\\\/\\\/servilar.ao\\\/wp-content\\\/uploads\\\/2025\\\/08\\\/photo-young-cleaner-uniform-with-gloves.jpg&quot;},{&quot;id&quot;:126,&quot;url&quot;:&quot;https:\\\/\\\/servilar.ao\\\/wp-content\\\/uploads\\\/2025\\\/08\\\/woman-cleaning-bed-diligently-arranging-pillows-smoothing-out-white-duvet-cover-sunlight-streaming-through-window-casting-soft-glow-scene.jpg&quot;},{&quot;id&quot;:127,&quot;url&quot;:&quot;https:\\\/\\\/servilar.ao\\\/wp-content\\\/uploads\\\/2025\\\/08\\\/female-nurse-portrait-with-older-patient.jpg&quot;}],&quot;background_slideshow_ken_burns&quot;:&quot;yes&quot;,&quot;background_slideshow_ken_burns_zoom_direction&quot;:&quot;out&quot;,&quot;background_slideshow_loop&quot;:&quot;yes&quot;,&quot;background_slideshow_slide_duration&quot;:5000,&quot;background_slideshow_slide_transition&quot;:&quot;fade&quot;,&quot;background_slideshow_transition_duration&quot;:500}\">\n\t\t\t\t\t<div class=\"e-con-inner\">\n\t\t\t\t<div class=\"elementor-element elementor-element-94a2903 elementor-widget__width-initial elementor-widget elementor-widget-heading\" data-id=\"94a2903\" data-element_type=\"widget\" data-e-type=\"widget\" data-widget_type=\"heading.default\">\n\t\t\t\t\t<h2 class=\"elementor-heading-title elementor-size-default\">Servi\u00e7os Dom\u00e9sticos Profissionais, Confi\u00e1veis e R\u00e1pidos<\/h2>\t\t\t\t<\/div>\n\t\t\t\t<div class=\"elementor-element elementor-element-171b2b9 elementor-widget elementor-widget-button\" data-id=\"171b2b9\" data-element_type=\"widget\" data-e-type=\"widget\" data-widget_type=\"button.default\">\n\t\t\t\t\t\t\t\t\t\t<a class=\"elementor-button elementor-button-link elementor-size-sm\" href=\"https:\/\/servilar.ao\/index.php\/servicos\/\">\n\t\t\t\t\t\t<span class=\"elementor-button-content-wrapper\">\n\t\t\t\t\t\t\t\t\t<span class=\"elementor-button-text\">Contratar agora!<\/span>\n\t\t\t\t\t<\/span>\n\t\t\t\t\t<\/a>\n\t\t\t\t\t\t\t\t<\/div>\n\t\t\t\t\t<\/div>\n\t\t\t\t<\/div>\n\t\t<div class=\"elementor-element elementor-element-791762d e-flex e-con-boxed e-con e-parent\" data-id=\"791762d\" data-element_type=\"container\" data-e-type=\"container\" data-settings=\"{&quot;background_background&quot;:&quot;gradient&quot;}\">\n\t\t\t\t\t<div class=\"e-con-inner\">\n\t\t\t\t<div class=\"elementor-element elementor-element-44360d7 elementor-widget elementor-widget-heading\" data-id=\"44360d7\" data-element_type=\"widget\" data-e-type=\"widget\" data-widget_type=\"heading.default\">\n\t\t\t\t\t<h2 class=\"elementor-heading-title elementor-size-default\">Que servi\u00e7os temos para oferecer?<\/h2>\t\t\t\t<\/div>\n\t\t<div class=\"elementor-element elementor-element-506f2ed e-con-full e-flex e-con e-child\" data-id=\"506f2ed\" data-element_type=\"container\" data-e-type=\"container\">\n\t\t<div class=\"elementor-element elementor-element-b81a1f5 e-con-full e-flex e-con e-child\" data-id=\"b81a1f5\" data-element_type=\"container\" data-e-type=\"container\" data-settings=\"{&quot;background_background&quot;:&quot;classic&quot;}\">\n\t\t\t\t<div class=\"elementor-element elementor-element-98a6cae elementor-widget elementor-widget-image\" data-id=\"98a6cae\" data-element_type=\"widget\" data-e-type=\"widget\" data-widget_type=\"image.default\">\n\t\t\t\t\t\t\t\t\t\t\t\t\t\t\t<img fetchpriority=\"high\" decoding=\"async\" width=\"1080\" height=\"1080\" src=\"https:\/\/servilar.ao\/wp-content\/uploads\/2025\/09\/servilar_apoiodome\u0301sticos.jpg\" class=\"attachment-full size-full wp-image-400\" alt=\"\" srcset=\"https:\/\/servilar.ao\/wp-content\/uploads\/2025\/09\/servilar_apoiodome\u0301sticos.jpg 1080w, https:\/\/servilar.ao\/wp-content\/uploads\/2025\/09\/servilar_apoiodome\u0301sticos-300x300.jpg 300w, https:\/\/servilar.ao\/wp-content\/uploads\/2025\/09\/servilar_apoiodome\u0301sticos-1024x1024.jpg 1024w, https:\/\/servilar.ao\/wp-content\/uploads\/2025\/09\/servilar_apoiodome\u0301sticos-150x150.jpg 150w, https:\/\/servilar.ao\/wp-content\/uploads\/2025\/09\/servilar_apoiodome\u0301sticos-768x768.jpg 768w\" sizes=\"(max-width: 1080px) 100vw, 1080px\" \/>\t\t\t\t\t\t\t\t\t\t\t\t\t\t\t<\/div>\n\t\t\t\t<div class=\"elementor-element elementor-element-9f78557 elementor-widget elementor-widget-heading\" data-id=\"9f78557\" data-element_type=\"widget\" data-e-type=\"widget\" data-widget_type=\"heading.default\">\n\t\t\t\t\t<h2 class=\"elementor-heading-title elementor-size-default\">Apoio Dom\u00e9stico<\/h2>\t\t\t\t<\/div>\n\t\t\t\t<\/div>\n\t\t<div class=\"elementor-element elementor-element-48445c9 e-con-full e-flex e-con e-child\" data-id=\"48445c9\" data-element_type=\"container\" data-e-type=\"container\" data-settings=\"{&quot;background_background&quot;:&quot;classic&quot;}\">\n\t\t\t\t<div class=\"elementor-element elementor-element-80a522a elementor-widget elementor-widget-image\" data-id=\"80a522a\" data-element_type=\"widget\" data-e-type=\"widget\" data-widget_type=\"image.default\">\n\t\t\t\t\t\t\t\t\t\t\t\t\t\t\t<img decoding=\"async\" width=\"800\" height=\"800\" src=\"https:\/\/servilar.ao\/wp-content\/uploads\/2025\/09\/servilar_limpezaresidencial-1024x1024.jpg\" class=\"attachment-large size-large wp-image-404\" alt=\"\" srcset=\"https:\/\/servilar.ao\/wp-content\/uploads\/2025\/09\/servilar_limpezaresidencial-1024x1024.jpg 1024w, https:\/\/servilar.ao\/wp-content\/uploads\/2025\/09\/servilar_limpezaresidencial-300x300.jpg 300w, https:\/\/servilar.ao\/wp-content\/uploads\/2025\/09\/servilar_limpezaresidencial-150x150.jpg 150w, https:\/\/servilar.ao\/wp-content\/uploads\/2025\/09\/servilar_limpezaresidencial-768x768.jpg 768w, https:\/\/servilar.ao\/wp-content\/uploads\/2025\/09\/servilar_limpezaresidencial.jpg 1080w\" sizes=\"(max-width: 800px) 100vw, 800px\" \/>\t\t\t\t\t\t\t\t\t\t\t\t\t\t\t<\/div>\n\t\t\t\t<div class=\"elementor-element elementor-element-e8e3791 elementor-widget elementor-widget-heading\" data-id=\"e8e3791\" data-element_type=\"widget\" data-e-type=\"widget\" data-widget_type=\"heading.default\">\n\t\t\t\t\t<h2 class=\"elementor-heading-title elementor-size-default\">Limpeza Residencial<\/h2>\t\t\t\t<\/div>\n\t\t\t\t<\/div>\n\t\t<div class=\"elementor-element elementor-element-bfb9af8 e-con-full e-flex e-con e-child\" data-id=\"bfb9af8\" data-element_type=\"container\" data-e-type=\"container\" data-settings=\"{&quot;background_background&quot;:&quot;classic&quot;}\">\n\t\t\t\t<div class=\"elementor-element elementor-element-514cb80 elementor-widget elementor-widget-image\" data-id=\"514cb80\" data-element_type=\"widget\" data-e-type=\"widget\" data-widget_type=\"image.default\">\n\t\t\t\t\t\t\t\t\t\t\t\t\t\t\t<img decoding=\"async\" width=\"800\" height=\"800\" src=\"https:\/\/servilar.ao\/wp-content\/uploads\/2025\/09\/servilar_limpezacorporativa-1024x1024.jpg\" class=\"attachment-large size-large wp-image-402\" alt=\"\" srcset=\"https:\/\/servilar.ao\/wp-content\/uploads\/2025\/09\/servilar_limpezacorporativa-1024x1024.jpg 1024w, https:\/\/servilar.ao\/wp-content\/uploads\/2025\/09\/servilar_limpezacorporativa-300x300.jpg 300w, https:\/\/servilar.ao\/wp-content\/uploads\/2025\/09\/servilar_limpezacorporativa-150x150.jpg 150w, https:\/\/servilar.ao\/wp-content\/uploads\/2025\/09\/servilar_limpezacorporativa-768x768.jpg 768w, https:\/\/servilar.ao\/wp-content\/uploads\/2025\/09\/servilar_limpezacorporativa.jpg 1080w\" sizes=\"(max-width: 800px) 100vw, 800px\" \/>\t\t\t\t\t\t\t\t\t\t\t\t\t\t\t<\/div>\n\t\t\t\t<div class=\"elementor-element elementor-element-fbbe462 elementor-widget elementor-widget-heading\" data-id=\"fbbe462\" data-element_type=\"widget\" data-e-type=\"widget\" data-widget_type=\"heading.default\">\n\t\t\t\t\t<h2 class=\"elementor-heading-title elementor-size-default\">Limpeza Corporativa<\/h2>\t\t\t\t<\/div>\n\t\t\t\t<\/div>\n\t\t<div class=\"elementor-element elementor-element-b68c583 e-con-full e-flex e-con e-child\" data-id=\"b68c583\" data-element_type=\"container\" data-e-type=\"container\" data-settings=\"{&quot;background_background&quot;:&quot;classic&quot;}\">\n\t\t\t\t<div class=\"elementor-element elementor-element-8d7e8f8 elementor-widget elementor-widget-image\" data-id=\"8d7e8f8\" data-element_type=\"widget\" data-e-type=\"widget\" data-widget_type=\"image.default\">\n\t\t\t\t\t\t\t\t\t\t\t\t\t\t\t<img loading=\"lazy\" decoding=\"async\" width=\"1080\" height=\"1080\" src=\"https:\/\/servilar.ao\/wp-content\/uploads\/2025\/09\/servilar_cuidadosespecias.jpg\" class=\"attachment-full size-full wp-image-401\" alt=\"\" srcset=\"https:\/\/servilar.ao\/wp-content\/uploads\/2025\/09\/servilar_cuidadosespecias.jpg 1080w, https:\/\/servilar.ao\/wp-content\/uploads\/2025\/09\/servilar_cuidadosespecias-300x300.jpg 300w, https:\/\/servilar.ao\/wp-content\/uploads\/2025\/09\/servilar_cuidadosespecias-1024x1024.jpg 1024w, https:\/\/servilar.ao\/wp-content\/uploads\/2025\/09\/servilar_cuidadosespecias-150x150.jpg 150w, https:\/\/servilar.ao\/wp-content\/uploads\/2025\/09\/servilar_cuidadosespecias-768x768.jpg 768w\" sizes=\"(max-width: 1080px) 100vw, 1080px\" \/>\t\t\t\t\t\t\t\t\t\t\t\t\t\t\t<\/div>\n\t\t\t\t<div class=\"elementor-element elementor-element-86cf477 elementor-widget elementor-widget-heading\" data-id=\"86cf477\" data-element_type=\"widget\" data-e-type=\"widget\" data-widget_type=\"heading.default\">\n\t\t\t\t\t<h2 class=\"elementor-heading-title elementor-size-default\">Cuidados Especiais<\/h2>\t\t\t\t<\/div>\n\t\t\t\t<\/div>\n\t\t\t\t<\/div>\n\t\t\t\t\t<\/div>\n\t\t\t\t<\/div>\n\t\t<div class=\"elementor-element elementor-element-ccf8798 e-flex e-con-boxed e-con e-parent\" data-id=\"ccf8798\" data-element_type=\"container\" data-e-type=\"container\">\n\t\t\t\t\t<div class=\"e-con-inner\">\n\t\t<div class=\"elementor-element elementor-element-07621e7 e-con-full e-flex e-con e-child\" data-id=\"07621e7\" data-element_type=\"container\" data-e-type=\"container\" data-settings=\"{&quot;background_background&quot;:&quot;classic&quot;}\">\n\t\t\t\t<div class=\"elementor-element elementor-element-1694dbb elementor-widget elementor-widget-heading\" data-id=\"1694dbb\" data-element_type=\"widget\" data-e-type=\"widget\" data-widget_type=\"heading.default\">\n\t\t\t\t\t<h2 class=\"elementor-heading-title elementor-size-default\">Todos os servi\u00e7os dom\u00e9sticos, numa \u00fanica chamada<\/h2>\t\t\t\t<\/div>\n\t\t\t\t<div class=\"elementor-element elementor-element-f7b827c elementor-widget elementor-widget-text-editor\" data-id=\"f7b827c\" data-element_type=\"widget\" data-e-type=\"widget\" data-widget_type=\"text-editor.default\">\n\t\t\t\t\t\t\t\t\t<div class=\"wpb_text_column us_custom_8b3d6790 has_text_color\"><div class=\"wpb_wrapper\"><h4>Somos a nova refer\u00eancia em Angola para servi\u00e7os dom\u00e9sticos e cuidados especializados.<\/h4><\/div><\/div><div class=\"w-separator size_small\">Cuidamos do seu lar e do seu espa\u00e7o corporativo com profissionalismo, seguran\u00e7a e aten\u00e7\u00e3o aos detalhes.<\/div><div>\u00a0<\/div><div>Se precisar de um servi\u00e7o, pode contactar-nos directamente.<\/div>\t\t\t\t\t\t\t\t<\/div>\n\t\t\t\t<div class=\"elementor-element elementor-element-fabef71 elementor-widget elementor-widget-button\" data-id=\"fabef71\" data-element_type=\"widget\" data-e-type=\"widget\" data-widget_type=\"button.default\">\n\t\t\t\t\t\t\t\t\t\t<a class=\"elementor-button elementor-button-link elementor-size-sm\" href=\"tel:926926900\">\n\t\t\t\t\t\t<span class=\"elementor-button-content-wrapper\">\n\t\t\t\t\t\t\t\t\t<span class=\"elementor-button-text\">Linha de Apoio Servilar: 926 926 900<\/span>\n\t\t\t\t\t<\/span>\n\t\t\t\t\t<\/a>\n\t\t\t\t\t\t\t\t<\/div>\n\t\t\t\t<\/div>\n\t\t\t\t<div class=\"elementor-element elementor-element-9ac145a elementor-widget elementor-widget-image\" data-id=\"9ac145a\" data-element_type=\"widget\" data-e-type=\"widget\" data-widget_type=\"image.default\">\n\t\t\t\t\t\t\t\t\t\t\t\t\t\t\t<img loading=\"lazy\" decoding=\"async\" width=\"800\" height=\"800\" src=\"https:\/\/servilar.ao\/wp-content\/uploads\/2025\/09\/servilar_sitecontrato-1024x1024.png\" class=\"attachment-large size-large wp-image-447\" alt=\"\" srcset=\"https:\/\/servilar.ao\/wp-content\/uploads\/2025\/09\/servilar_sitecontrato-1024x1024.png 1024w, https:\/\/servilar.ao\/wp-content\/uploads\/2025\/09\/servilar_sitecontrato-300x300.png 300w, https:\/\/servilar.ao\/wp-content\/uploads\/2025\/09\/servilar_sitecontrato-150x150.png 150w, https:\/\/servilar.ao\/wp-content\/uploads\/2025\/09\/servilar_sitecontrato-768x768.png 768w, https:\/\/servilar.ao\/wp-content\/uploads\/2025\/09\/servilar_sitecontrato.png 1440w\" sizes=\"(max-width: 800px) 100vw, 800px\" \/>\t\t\t\t\t\t\t\t\t\t\t\t\t\t\t<\/div>\n\t\t\t\t\t<\/div>\n\t\t\t\t<\/div>\n\t\t\t\t<\/div>\n\t\t\n    <div class=\"xs_social_share_widget xs_share_url after_content \t\tmain_content  wslu-style-1 wslu-share-box-shaped wslu-fill-colored wslu-none wslu-share-horizontal wslu-theme-font-no wslu-main_content\">\n\n\t\t\n        <ul>\n\t\t\t        <\/ul>\n    <\/div> \n","protected":false},"excerpt":{"rendered":"<p>Servi\u00e7os Dom\u00e9sticos Profissionais, Confi\u00e1veis e R\u00e1pidos Contratar agora! Que servi\u00e7os temos para oferecer? Apoio Dom\u00e9stico Limpeza Residencial Limpeza Corporativa Cuidados Especiais Todos os servi\u00e7os dom\u00e9sticos, numa \u00fanica chamada Somos a nova refer\u00eancia em Angola para servi\u00e7os dom\u00e9sticos e cuidados especializados. Cuidamos do seu lar e do seu espa\u00e7o corporativo com profissionalismo, seguran\u00e7a e aten\u00e7\u00e3o aos [&hellip;]<\/p>\n","protected":false},"author":1,"featured_media":0,"parent":0,"menu_order":0,"comment_status":"closed","ping_status":"closed","template":"elementor_header_footer","meta":{"postBodyCss":"","postBodyMargin":[],"postBodyPadding":[],"postBodyBackground":{"backgroundType":"classic","gradient":""},"footnotes":""},"class_list":["post-72","page","type-page","status-publish","hentry"],"_links":{"self":[{"href":"https:\/\/servilar.ao\/index.php\/wp-json\/wp\/v2\/pages\/72","targetHints":{"allow":["GET"]}}],"collection":[{"href":"https:\/\/servilar.ao\/index.php\/wp-json\/wp\/v2\/pages"}],"about":[{"href":"https:\/\/servilar.ao\/index.php\/wp-json\/wp\/v2\/types\/page"}],"author":[{"embeddable":true,"href":"https:\/\/servilar.ao\/index.php\/wp-json\/wp\/v2\/users\/1"}],"replies":[{"embeddable":true,"href":"https:\/\/servilar.ao\/index.php\/wp-json\/wp\/v2\/comments?post=72"}],"version-history":[{"count":75,"href":"https:\/\/servilar.ao\/index.php\/wp-json\/wp\/v2\/pages\/72\/revisions"}],"predecessor-version":[{"id":597,"href":"https:\/\/servilar.ao\/index.php\/wp-json\/wp\/v2\/pages\/72\/revisions\/597"}],"wp:attachment":[{"href":"https:\/\/servilar.ao\/index.php\/wp-json\/wp\/v2\/media?parent=72"}],"curies":[{"name":"wp","href":"https:\/\/api.w.org\/{rel}","templated":true}]}}