{"id":75,"date":"2025-08-12T20:34:36","date_gmt":"2025-08-12T20:34:36","guid":{"rendered":"https:\/\/servilar.ao\/?page_id=75"},"modified":"2026-02-24T20:23:07","modified_gmt":"2026-02-24T20:23:07","slug":"servicos","status":"publish","type":"page","link":"https:\/\/servilar.ao\/index.php\/servicos\/","title":{"rendered":"Servi\u00e7os"},"content":{"rendered":"\t\t<div data-elementor-type=\"wp-page\" data-elementor-id=\"75\" class=\"elementor elementor-75\">\n\t\t\t\t<div class=\"elementor-element elementor-element-4cc6818 e-flex e-con-boxed e-con e-parent\" data-id=\"4cc6818\" data-element_type=\"container\" data-e-type=\"container\" data-settings=\"{&quot;background_background&quot;:&quot;gradient&quot;}\">\n\t\t\t\t\t<div class=\"e-con-inner\">\n\t\t\t\t<div class=\"elementor-element elementor-element-941a725 elementor-widget elementor-widget-heading\" data-id=\"941a725\" data-element_type=\"widget\" data-e-type=\"widget\" data-widget_type=\"heading.default\">\n\t\t\t\t\t<h2 class=\"elementor-heading-title elementor-size-default\">Que servi\u00e7os temos para oferecer?<\/h2>\t\t\t\t<\/div>\n\t\t<div class=\"elementor-element elementor-element-6824676 e-con-full e-flex e-con e-child\" data-id=\"6824676\" data-element_type=\"container\" data-e-type=\"container\">\n\t\t<div class=\"elementor-element elementor-element-dd15f04 e-con-full e-flex e-con e-child\" data-id=\"dd15f04\" data-element_type=\"container\" data-e-type=\"container\" data-settings=\"{&quot;background_background&quot;:&quot;classic&quot;}\">\n\t\t\t\t<div class=\"elementor-element elementor-element-333b730 elementor-widget elementor-widget-image\" data-id=\"333b730\" data-element_type=\"widget\" data-e-type=\"widget\" data-widget_type=\"image.default\">\n\t\t\t\t\t\t\t\t\t\t\t\t\t\t\t<img fetchpriority=\"high\" decoding=\"async\" width=\"1080\" height=\"1080\" src=\"https:\/\/servilar.ao\/wp-content\/uploads\/2025\/09\/servilar_apoiodome\u0301sticos.jpg\" class=\"attachment-full size-full wp-image-400\" alt=\"\" srcset=\"https:\/\/servilar.ao\/wp-content\/uploads\/2025\/09\/servilar_apoiodome\u0301sticos.jpg 1080w, https:\/\/servilar.ao\/wp-content\/uploads\/2025\/09\/servilar_apoiodome\u0301sticos-300x300.jpg 300w, https:\/\/servilar.ao\/wp-content\/uploads\/2025\/09\/servilar_apoiodome\u0301sticos-1024x1024.jpg 1024w, https:\/\/servilar.ao\/wp-content\/uploads\/2025\/09\/servilar_apoiodome\u0301sticos-150x150.jpg 150w, https:\/\/servilar.ao\/wp-content\/uploads\/2025\/09\/servilar_apoiodome\u0301sticos-768x768.jpg 768w\" sizes=\"(max-width: 1080px) 100vw, 1080px\" \/>\t\t\t\t\t\t\t\t\t\t\t\t\t\t\t<\/div>\n\t\t\t\t<div class=\"elementor-element elementor-element-b53f2ab elementor-widget elementor-widget-heading\" data-id=\"b53f2ab\" data-element_type=\"widget\" data-e-type=\"widget\" data-widget_type=\"heading.default\">\n\t\t\t\t\t<h2 class=\"elementor-heading-title elementor-size-default\">Apoio Dom\u00e9stico<\/h2>\t\t\t\t<\/div>\n\t\t\t\t<div class=\"elementor-element elementor-element-f8b6baf elementor-widget elementor-widget-heading\" data-id=\"f8b6baf\" data-element_type=\"widget\" data-e-type=\"widget\" data-widget_type=\"heading.default\">\n\t\t\t\t\t<h2 class=\"elementor-heading-title elementor-size-default\">Cozinheiras, passadeiras, arrumadeiras, bab\u00e1s e outros profissionais capacitados.<\/h2>\t\t\t\t<\/div>\n\t\t\t\t<\/div>\n\t\t<div class=\"elementor-element elementor-element-c964b30 e-con-full e-flex e-con e-child\" data-id=\"c964b30\" data-element_type=\"container\" data-e-type=\"container\" data-settings=\"{&quot;background_background&quot;:&quot;classic&quot;}\">\n\t\t\t\t<div class=\"elementor-element elementor-element-835b696 elementor-widget elementor-widget-image\" data-id=\"835b696\" data-element_type=\"widget\" data-e-type=\"widget\" data-widget_type=\"image.default\">\n\t\t\t\t\t\t\t\t\t\t\t\t\t\t\t<img decoding=\"async\" width=\"800\" height=\"800\" src=\"https:\/\/servilar.ao\/wp-content\/uploads\/2025\/09\/servilar_limpezaresidencial-1024x1024.jpg\" class=\"attachment-large size-large wp-image-404\" alt=\"\" srcset=\"https:\/\/servilar.ao\/wp-content\/uploads\/2025\/09\/servilar_limpezaresidencial-1024x1024.jpg 1024w, https:\/\/servilar.ao\/wp-content\/uploads\/2025\/09\/servilar_limpezaresidencial-300x300.jpg 300w, https:\/\/servilar.ao\/wp-content\/uploads\/2025\/09\/servilar_limpezaresidencial-150x150.jpg 150w, https:\/\/servilar.ao\/wp-content\/uploads\/2025\/09\/servilar_limpezaresidencial-768x768.jpg 768w, https:\/\/servilar.ao\/wp-content\/uploads\/2025\/09\/servilar_limpezaresidencial.jpg 1080w\" sizes=\"(max-width: 800px) 100vw, 800px\" \/>\t\t\t\t\t\t\t\t\t\t\t\t\t\t\t<\/div>\n\t\t\t\t<div class=\"elementor-element elementor-element-f0e43b7 elementor-widget elementor-widget-heading\" data-id=\"f0e43b7\" data-element_type=\"widget\" data-e-type=\"widget\" data-widget_type=\"heading.default\">\n\t\t\t\t\t<h2 class=\"elementor-heading-title elementor-size-default\">Limpeza Residencial<\/h2>\t\t\t\t<\/div>\n\t\t\t\t<div class=\"elementor-element elementor-element-6e142c3 elementor-widget elementor-widget-heading\" data-id=\"6e142c3\" data-element_type=\"widget\" data-e-type=\"widget\" data-widget_type=\"heading.default\">\n\t\t\t\t\t<h2 class=\"elementor-heading-title elementor-size-default\">Faxinas completas, manuten\u00e7\u00e3o di\u00e1ria e servi\u00e7os personalizados para o lar.<\/h2>\t\t\t\t<\/div>\n\t\t\t\t<\/div>\n\t\t<div class=\"elementor-element elementor-element-15f6d51 e-con-full e-flex e-con e-child\" data-id=\"15f6d51\" data-element_type=\"container\" data-e-type=\"container\" data-settings=\"{&quot;background_background&quot;:&quot;classic&quot;}\">\n\t\t\t\t<div class=\"elementor-element elementor-element-1734a2d elementor-widget elementor-widget-image\" data-id=\"1734a2d\" data-element_type=\"widget\" data-e-type=\"widget\" data-widget_type=\"image.default\">\n\t\t\t\t\t\t\t\t\t\t\t\t\t\t\t<img decoding=\"async\" width=\"800\" height=\"800\" src=\"https:\/\/servilar.ao\/wp-content\/uploads\/2025\/09\/servilar_limpezacorporativa-1024x1024.jpg\" class=\"attachment-large size-large wp-image-402\" alt=\"\" srcset=\"https:\/\/servilar.ao\/wp-content\/uploads\/2025\/09\/servilar_limpezacorporativa-1024x1024.jpg 1024w, https:\/\/servilar.ao\/wp-content\/uploads\/2025\/09\/servilar_limpezacorporativa-300x300.jpg 300w, https:\/\/servilar.ao\/wp-content\/uploads\/2025\/09\/servilar_limpezacorporativa-150x150.jpg 150w, https:\/\/servilar.ao\/wp-content\/uploads\/2025\/09\/servilar_limpezacorporativa-768x768.jpg 768w, https:\/\/servilar.ao\/wp-content\/uploads\/2025\/09\/servilar_limpezacorporativa.jpg 1080w\" sizes=\"(max-width: 800px) 100vw, 800px\" \/>\t\t\t\t\t\t\t\t\t\t\t\t\t\t\t<\/div>\n\t\t\t\t<div class=\"elementor-element elementor-element-8dd0e31 elementor-widget elementor-widget-heading\" data-id=\"8dd0e31\" data-element_type=\"widget\" data-e-type=\"widget\" data-widget_type=\"heading.default\">\n\t\t\t\t\t<h2 class=\"elementor-heading-title elementor-size-default\">Limpeza Corporativa<\/h2>\t\t\t\t<\/div>\n\t\t\t\t<div class=\"elementor-element elementor-element-e5c406f elementor-widget elementor-widget-heading\" data-id=\"e5c406f\" data-element_type=\"widget\" data-e-type=\"widget\" data-widget_type=\"heading.default\">\n\t\t\t\t\t<h2 class=\"elementor-heading-title elementor-size-default\">Higieniza\u00e7\u00e3o profissional de escrit\u00f3rios, cl\u00ednicas e espa\u00e7os comerciais, pr\u00e9dios e condom\u00ednios.<\/h2>\t\t\t\t<\/div>\n\t\t\t\t<\/div>\n\t\t<div class=\"elementor-element elementor-element-6f30fa0 e-con-full e-flex e-con e-child\" data-id=\"6f30fa0\" data-element_type=\"container\" data-e-type=\"container\" data-settings=\"{&quot;background_background&quot;:&quot;classic&quot;}\">\n\t\t\t\t<div class=\"elementor-element elementor-element-0b0d630 elementor-widget elementor-widget-image\" data-id=\"0b0d630\" data-element_type=\"widget\" data-e-type=\"widget\" data-widget_type=\"image.default\">\n\t\t\t\t\t\t\t\t\t\t\t\t\t\t\t<img loading=\"lazy\" decoding=\"async\" width=\"1080\" height=\"1080\" src=\"https:\/\/servilar.ao\/wp-content\/uploads\/2025\/09\/servilar_cuidadosespecias.jpg\" class=\"attachment-full size-full wp-image-401\" alt=\"\" srcset=\"https:\/\/servilar.ao\/wp-content\/uploads\/2025\/09\/servilar_cuidadosespecias.jpg 1080w, https:\/\/servilar.ao\/wp-content\/uploads\/2025\/09\/servilar_cuidadosespecias-300x300.jpg 300w, https:\/\/servilar.ao\/wp-content\/uploads\/2025\/09\/servilar_cuidadosespecias-1024x1024.jpg 1024w, https:\/\/servilar.ao\/wp-content\/uploads\/2025\/09\/servilar_cuidadosespecias-150x150.jpg 150w, https:\/\/servilar.ao\/wp-content\/uploads\/2025\/09\/servilar_cuidadosespecias-768x768.jpg 768w\" sizes=\"(max-width: 1080px) 100vw, 1080px\" \/>\t\t\t\t\t\t\t\t\t\t\t\t\t\t\t<\/div>\n\t\t\t\t<div class=\"elementor-element elementor-element-4eddb25 elementor-widget elementor-widget-heading\" data-id=\"4eddb25\" data-element_type=\"widget\" data-e-type=\"widget\" data-widget_type=\"heading.default\">\n\t\t\t\t\t<h2 class=\"elementor-heading-title elementor-size-default\">Cuidados Especiais<\/h2>\t\t\t\t<\/div>\n\t\t\t\t<div class=\"elementor-element elementor-element-e2d6ed4 elementor-widget elementor-widget-heading\" data-id=\"e2d6ed4\" data-element_type=\"widget\" data-e-type=\"widget\" data-widget_type=\"heading.default\">\n\t\t\t\t\t<h2 class=\"elementor-heading-title elementor-size-default\">Atendimento dedicado a idosos, pessoas com mobilidade reduzida ou necessidades espec\u00edficas.<\/h2>\t\t\t\t<\/div>\n\t\t\t\t<\/div>\n\t\t\t\t<\/div>\n\t\t\t\t\t<\/div>\n\t\t\t\t<\/div>\n\t\t<div class=\"elementor-element elementor-element-6518254 e-flex e-con-boxed e-con e-parent\" data-id=\"6518254\" data-element_type=\"container\" data-e-type=\"container\">\n\t\t\t\t\t<div class=\"e-con-inner\">\n\t\t<div class=\"elementor-element elementor-element-7604aba e-con-full e-flex e-con e-child\" data-id=\"7604aba\" data-element_type=\"container\" data-e-type=\"container\" data-settings=\"{&quot;background_background&quot;:&quot;classic&quot;}\">\n\t\t\t\t<div class=\"elementor-element elementor-element-d312638 elementor-widget elementor-widget-heading\" data-id=\"d312638\" data-element_type=\"widget\" data-e-type=\"widget\" data-widget_type=\"heading.default\">\n\t\t\t\t\t<h2 class=\"elementor-heading-title elementor-size-default\">Todos os servi\u00e7os dom\u00e9sticos, numa \u00fanica chamada<\/h2>\t\t\t\t<\/div>\n\t\t\t\t<div class=\"elementor-element elementor-element-6323998 elementor-widget elementor-widget-text-editor\" data-id=\"6323998\" data-element_type=\"widget\" data-e-type=\"widget\" data-widget_type=\"text-editor.default\">\n\t\t\t\t\t\t\t\t\t<div class=\"wpb_text_column us_custom_8b3d6790 has_text_color\"><div class=\"wpb_wrapper\"><h4>Somos a nova refer\u00eancia em Angola para servi\u00e7os dom\u00e9sticos e cuidados especializados.<\/h4><\/div><\/div><div class=\"w-separator size_small\">Cuidamos do seu lar e do seu espa\u00e7o corporativo com profissionalismo, seguran\u00e7a e aten\u00e7\u00e3o aos detalhes.<\/div><div>\u00a0<\/div><div>Se precisar de um servi\u00e7o, pode contactar-nos directamente.<\/div>\t\t\t\t\t\t\t\t<\/div>\n\t\t\t\t<div class=\"elementor-element elementor-element-574cf5c elementor-widget elementor-widget-button\" data-id=\"574cf5c\" data-element_type=\"widget\" data-e-type=\"widget\" data-widget_type=\"button.default\">\n\t\t\t\t\t\t\t\t\t\t<a class=\"elementor-button elementor-button-link elementor-size-sm\" href=\"tel:926926900\">\n\t\t\t\t\t\t<span class=\"elementor-button-content-wrapper\">\n\t\t\t\t\t\t\t\t\t<span class=\"elementor-button-text\">Linha de Apoio Servilar: 926 926 900<\/span>\n\t\t\t\t\t<\/span>\n\t\t\t\t\t<\/a>\n\t\t\t\t\t\t\t\t<\/div>\n\t\t\t\t<\/div>\n\t\t\t\t<div class=\"elementor-element elementor-element-296b643 elementor-widget elementor-widget-image\" data-id=\"296b643\" data-element_type=\"widget\" data-e-type=\"widget\" data-widget_type=\"image.default\">\n\t\t\t\t\t\t\t\t\t\t\t\t\t\t\t<img loading=\"lazy\" decoding=\"async\" width=\"800\" height=\"800\" src=\"https:\/\/servilar.ao\/wp-content\/uploads\/2025\/09\/servilar_sitecontrato-1024x1024.png\" class=\"attachment-large size-large wp-image-447\" alt=\"\" srcset=\"https:\/\/servilar.ao\/wp-content\/uploads\/2025\/09\/servilar_sitecontrato-1024x1024.png 1024w, https:\/\/servilar.ao\/wp-content\/uploads\/2025\/09\/servilar_sitecontrato-300x300.png 300w, https:\/\/servilar.ao\/wp-content\/uploads\/2025\/09\/servilar_sitecontrato-150x150.png 150w, https:\/\/servilar.ao\/wp-content\/uploads\/2025\/09\/servilar_sitecontrato-768x768.png 768w, https:\/\/servilar.ao\/wp-content\/uploads\/2025\/09\/servilar_sitecontrato.png 1440w\" sizes=\"(max-width: 800px) 100vw, 800px\" \/>\t\t\t\t\t\t\t\t\t\t\t\t\t\t\t<\/div>\n\t\t\t\t\t<\/div>\n\t\t\t\t<\/div>\n\t\t\t\t<\/div>\n\t\t\n    <div class=\"xs_social_share_widget xs_share_url after_content \t\tmain_content  wslu-style-1 wslu-share-box-shaped wslu-fill-colored wslu-none wslu-share-horizontal wslu-theme-font-no wslu-main_content\">\n\n\t\t\n        <ul>\n\t\t\t        <\/ul>\n    <\/div> \n","protected":false},"excerpt":{"rendered":"<p>Que servi\u00e7os temos para oferecer? Apoio Dom\u00e9stico Cozinheiras, passadeiras, arrumadeiras, bab\u00e1s e outros profissionais capacitados. Limpeza Residencial Faxinas completas, manuten\u00e7\u00e3o di\u00e1ria e servi\u00e7os personalizados para o lar. Limpeza Corporativa Higieniza\u00e7\u00e3o profissional de escrit\u00f3rios, cl\u00ednicas e espa\u00e7os comerciais, pr\u00e9dios e condom\u00ednios. Cuidados Especiais Atendimento dedicado a idosos, pessoas com mobilidade reduzida ou necessidades espec\u00edficas. Todos os [&hellip;]<\/p>\n","protected":false},"author":1,"featured_media":0,"parent":0,"menu_order":0,"comment_status":"closed","ping_status":"closed","template":"elementor_header_footer","meta":{"postBodyCss":"","postBodyMargin":[],"postBodyPadding":[],"postBodyBackground":{"backgroundType":"classic","gradient":""},"footnotes":""},"class_list":["post-75","page","type-page","status-publish","hentry"],"_links":{"self":[{"href":"https:\/\/servilar.ao\/index.php\/wp-json\/wp\/v2\/pages\/75","targetHints":{"allow":["GET"]}}],"collection":[{"href":"https:\/\/servilar.ao\/index.php\/wp-json\/wp\/v2\/pages"}],"about":[{"href":"https:\/\/servilar.ao\/index.php\/wp-json\/wp\/v2\/types\/page"}],"author":[{"embeddable":true,"href":"https:\/\/servilar.ao\/index.php\/wp-json\/wp\/v2\/users\/1"}],"replies":[{"embeddable":true,"href":"https:\/\/servilar.ao\/index.php\/wp-json\/wp\/v2\/comments?post=75"}],"version-history":[{"count":31,"href":"https:\/\/servilar.ao\/index.php\/wp-json\/wp\/v2\/pages\/75\/revisions"}],"predecessor-version":[{"id":603,"href":"https:\/\/servilar.ao\/index.php\/wp-json\/wp\/v2\/pages\/75\/revisions\/603"}],"wp:attachment":[{"href":"https:\/\/servilar.ao\/index.php\/wp-json\/wp\/v2\/media?parent=75"}],"curies":[{"name":"wp","href":"https:\/\/api.w.org\/{rel}","templated":true}]}}