{"id":77,"date":"2025-08-12T20:34:51","date_gmt":"2025-08-12T20:34:51","guid":{"rendered":"https:\/\/servilar.ao\/?page_id=77"},"modified":"2025-09-20T23:55:19","modified_gmt":"2025-09-20T23:55:19","slug":"sobre-nos","status":"publish","type":"page","link":"https:\/\/servilar.ao\/index.php\/sobre-nos\/","title":{"rendered":"Sobre N\u00f3s"},"content":{"rendered":"\t\t<div data-elementor-type=\"wp-page\" data-elementor-id=\"77\" class=\"elementor elementor-77\">\n\t\t\t\t<div class=\"elementor-element elementor-element-9cfc4a9 e-flex e-con-boxed e-con e-parent\" data-id=\"9cfc4a9\" data-element_type=\"container\" data-e-type=\"container\">\n\t\t\t\t\t<div class=\"e-con-inner\">\n\t\t<div class=\"elementor-element elementor-element-1e804cf e-con-full e-flex e-con e-child\" data-id=\"1e804cf\" data-element_type=\"container\" data-e-type=\"container\">\n\t\t\t\t<div class=\"elementor-element elementor-element-fd3a70f elementor-widget elementor-widget-heading\" data-id=\"fd3a70f\" data-element_type=\"widget\" data-e-type=\"widget\" data-widget_type=\"heading.default\">\n\t\t\t\t\t<h2 class=\"elementor-heading-title elementor-size-default\">Quem somos<\/h2>\t\t\t\t<\/div>\n\t\t\t\t<div class=\"elementor-element elementor-element-2a9aa59 elementor-widget__width-initial elementor-widget elementor-widget-text-editor\" data-id=\"2a9aa59\" data-element_type=\"widget\" data-e-type=\"widget\" data-widget_type=\"text-editor.default\">\n\t\t\t\t\t\t\t\t\t<p><strong>Servilar<\/strong> \u00e9 a nova refer\u00eancia em Angola para servi\u00e7os dom\u00e9sticos e cuidados especializados.<\/p><p>Cuidamos do que importa: seu lar, seu espa\u00e7o, sua confian\u00e7a.<\/p><p>Cuidamos do seu lar e do seu espa\u00e7o corporativo com profissionalismo, seguran\u00e7a e aten\u00e7\u00e3o aos detalhes.<\/p><p>A <strong>Servilar<\/strong> nasceu com o prop\u00f3sito de transformar e revolucionar o mercado de servi\u00e7os dom\u00e9sticos e corporativos em Angola.<\/p><p>Somos uma empresa comprometida com a \u00e9tica, a excel\u00eancia e o respeito ao cliente. Oferecemos profissionais treinados, processos padronizados e atendimento humanizado para garantir seguran\u00e7a, conforto e tranquilidade a quem nos contrata.<\/p>\t\t\t\t\t\t\t\t<\/div>\n\t\t\t\t<div class=\"elementor-element elementor-element-f910185 elementor-widget elementor-widget-button\" data-id=\"f910185\" data-element_type=\"widget\" data-e-type=\"widget\" data-widget_type=\"button.default\">\n\t\t\t\t\t\t\t\t\t\t<a class=\"elementor-button elementor-button-link elementor-size-sm\" href=\"https:\/\/servilar.ao\/index.php\/servicos\/\">\n\t\t\t\t\t\t<span class=\"elementor-button-content-wrapper\">\n\t\t\t\t\t\t\t\t\t<span class=\"elementor-button-text\">Contratar agora!<\/span>\n\t\t\t\t\t<\/span>\n\t\t\t\t\t<\/a>\n\t\t\t\t\t\t\t\t<\/div>\n\t\t\t\t<\/div>\n\t\t<div class=\"elementor-element elementor-element-0de943a e-con-full e-flex e-con e-child\" data-id=\"0de943a\" data-element_type=\"container\" data-e-type=\"container\">\n\t\t\t\t<div class=\"elementor-element elementor-element-b9796bb elementor-widget elementor-widget-image\" data-id=\"b9796bb\" data-element_type=\"widget\" data-e-type=\"widget\" data-widget_type=\"image.default\">\n\t\t\t\t\t\t\t\t\t\t\t\t\t\t\t<img fetchpriority=\"high\" decoding=\"async\" width=\"800\" height=\"800\" src=\"https:\/\/servilar.ao\/wp-content\/uploads\/2025\/09\/servilarquemsomos-1024x1024.png\" class=\"attachment-large size-large wp-image-420\" alt=\"\" srcset=\"https:\/\/servilar.ao\/wp-content\/uploads\/2025\/09\/servilarquemsomos-1024x1024.png 1024w, https:\/\/servilar.ao\/wp-content\/uploads\/2025\/09\/servilarquemsomos-300x300.png 300w, https:\/\/servilar.ao\/wp-content\/uploads\/2025\/09\/servilarquemsomos-150x150.png 150w, https:\/\/servilar.ao\/wp-content\/uploads\/2025\/09\/servilarquemsomos-768x768.png 768w, https:\/\/servilar.ao\/wp-content\/uploads\/2025\/09\/servilarquemsomos-1536x1536.png 1536w, https:\/\/servilar.ao\/wp-content\/uploads\/2025\/09\/servilarquemsomos-2048x2048.png 2048w\" sizes=\"(max-width: 800px) 100vw, 800px\" \/>\t\t\t\t\t\t\t\t\t\t\t\t\t\t\t<\/div>\n\t\t\t\t<\/div>\n\t\t\t\t\t<\/div>\n\t\t\t\t<\/div>\n\t\t<div class=\"elementor-element elementor-element-50ac84a e-flex e-con-boxed e-con e-parent\" data-id=\"50ac84a\" data-element_type=\"container\" data-e-type=\"container\" data-settings=\"{&quot;background_background&quot;:&quot;gradient&quot;}\">\n\t\t\t\t\t<div class=\"e-con-inner\">\n\t\t\t\t<div class=\"elementor-element elementor-element-cf5a906 elementor-widget elementor-widget-heading\" data-id=\"cf5a906\" data-element_type=\"widget\" data-e-type=\"widget\" data-widget_type=\"heading.default\">\n\t\t\t\t\t<h2 class=\"elementor-heading-title elementor-size-default\">Que servi\u00e7os temos para oferecer?<\/h2>\t\t\t\t<\/div>\n\t\t<div class=\"elementor-element elementor-element-b6812a5 e-con-full e-flex e-con e-child\" data-id=\"b6812a5\" data-element_type=\"container\" data-e-type=\"container\">\n\t\t<div class=\"elementor-element elementor-element-2f0c3ca e-con-full e-flex e-con e-child\" data-id=\"2f0c3ca\" data-element_type=\"container\" data-e-type=\"container\" data-settings=\"{&quot;background_background&quot;:&quot;classic&quot;}\">\n\t\t\t\t<div class=\"elementor-element elementor-element-8f78da2 elementor-widget elementor-widget-image\" data-id=\"8f78da2\" data-element_type=\"widget\" data-e-type=\"widget\" data-widget_type=\"image.default\">\n\t\t\t\t\t\t\t\t\t\t\t\t\t\t\t<img decoding=\"async\" width=\"1080\" height=\"1080\" src=\"https:\/\/servilar.ao\/wp-content\/uploads\/2025\/09\/servilar_apoiodome\u0301sticos.jpg\" class=\"attachment-full size-full wp-image-400\" alt=\"\" srcset=\"https:\/\/servilar.ao\/wp-content\/uploads\/2025\/09\/servilar_apoiodome\u0301sticos.jpg 1080w, https:\/\/servilar.ao\/wp-content\/uploads\/2025\/09\/servilar_apoiodome\u0301sticos-300x300.jpg 300w, https:\/\/servilar.ao\/wp-content\/uploads\/2025\/09\/servilar_apoiodome\u0301sticos-1024x1024.jpg 1024w, https:\/\/servilar.ao\/wp-content\/uploads\/2025\/09\/servilar_apoiodome\u0301sticos-150x150.jpg 150w, https:\/\/servilar.ao\/wp-content\/uploads\/2025\/09\/servilar_apoiodome\u0301sticos-768x768.jpg 768w\" sizes=\"(max-width: 1080px) 100vw, 1080px\" \/>\t\t\t\t\t\t\t\t\t\t\t\t\t\t\t<\/div>\n\t\t\t\t<div class=\"elementor-element elementor-element-55e431e elementor-widget elementor-widget-heading\" data-id=\"55e431e\" data-element_type=\"widget\" data-e-type=\"widget\" data-widget_type=\"heading.default\">\n\t\t\t\t\t<h2 class=\"elementor-heading-title elementor-size-default\">Apoio Dom\u00e9stico<\/h2>\t\t\t\t<\/div>\n\t\t\t\t<\/div>\n\t\t<div class=\"elementor-element elementor-element-824d60b e-con-full e-flex e-con e-child\" data-id=\"824d60b\" data-element_type=\"container\" data-e-type=\"container\" data-settings=\"{&quot;background_background&quot;:&quot;classic&quot;}\">\n\t\t\t\t<div class=\"elementor-element elementor-element-f5351c4 elementor-widget elementor-widget-image\" data-id=\"f5351c4\" data-element_type=\"widget\" data-e-type=\"widget\" data-widget_type=\"image.default\">\n\t\t\t\t\t\t\t\t\t\t\t\t\t\t\t<img decoding=\"async\" width=\"800\" height=\"800\" src=\"https:\/\/servilar.ao\/wp-content\/uploads\/2025\/09\/servilar_limpezaresidencial-1024x1024.jpg\" class=\"attachment-large size-large wp-image-404\" alt=\"\" srcset=\"https:\/\/servilar.ao\/wp-content\/uploads\/2025\/09\/servilar_limpezaresidencial-1024x1024.jpg 1024w, https:\/\/servilar.ao\/wp-content\/uploads\/2025\/09\/servilar_limpezaresidencial-300x300.jpg 300w, https:\/\/servilar.ao\/wp-content\/uploads\/2025\/09\/servilar_limpezaresidencial-150x150.jpg 150w, https:\/\/servilar.ao\/wp-content\/uploads\/2025\/09\/servilar_limpezaresidencial-768x768.jpg 768w, https:\/\/servilar.ao\/wp-content\/uploads\/2025\/09\/servilar_limpezaresidencial.jpg 1080w\" sizes=\"(max-width: 800px) 100vw, 800px\" \/>\t\t\t\t\t\t\t\t\t\t\t\t\t\t\t<\/div>\n\t\t\t\t<div class=\"elementor-element elementor-element-d48d794 elementor-widget elementor-widget-heading\" data-id=\"d48d794\" data-element_type=\"widget\" data-e-type=\"widget\" data-widget_type=\"heading.default\">\n\t\t\t\t\t<h2 class=\"elementor-heading-title elementor-size-default\">Limpeza Residencial<\/h2>\t\t\t\t<\/div>\n\t\t\t\t<\/div>\n\t\t<div class=\"elementor-element elementor-element-5585b8e e-con-full e-flex e-con e-child\" data-id=\"5585b8e\" data-element_type=\"container\" data-e-type=\"container\" data-settings=\"{&quot;background_background&quot;:&quot;classic&quot;}\">\n\t\t\t\t<div class=\"elementor-element elementor-element-de024ab elementor-widget elementor-widget-image\" data-id=\"de024ab\" data-element_type=\"widget\" data-e-type=\"widget\" data-widget_type=\"image.default\">\n\t\t\t\t\t\t\t\t\t\t\t\t\t\t\t<img loading=\"lazy\" decoding=\"async\" width=\"800\" height=\"800\" src=\"https:\/\/servilar.ao\/wp-content\/uploads\/2025\/09\/servilar_limpezacorporativa-1024x1024.jpg\" class=\"attachment-large size-large wp-image-402\" alt=\"\" srcset=\"https:\/\/servilar.ao\/wp-content\/uploads\/2025\/09\/servilar_limpezacorporativa-1024x1024.jpg 1024w, https:\/\/servilar.ao\/wp-content\/uploads\/2025\/09\/servilar_limpezacorporativa-300x300.jpg 300w, https:\/\/servilar.ao\/wp-content\/uploads\/2025\/09\/servilar_limpezacorporativa-150x150.jpg 150w, https:\/\/servilar.ao\/wp-content\/uploads\/2025\/09\/servilar_limpezacorporativa-768x768.jpg 768w, https:\/\/servilar.ao\/wp-content\/uploads\/2025\/09\/servilar_limpezacorporativa.jpg 1080w\" sizes=\"(max-width: 800px) 100vw, 800px\" \/>\t\t\t\t\t\t\t\t\t\t\t\t\t\t\t<\/div>\n\t\t\t\t<div class=\"elementor-element elementor-element-f65f50f elementor-widget elementor-widget-heading\" data-id=\"f65f50f\" data-element_type=\"widget\" data-e-type=\"widget\" data-widget_type=\"heading.default\">\n\t\t\t\t\t<h2 class=\"elementor-heading-title elementor-size-default\">Limpeza Corporativa<\/h2>\t\t\t\t<\/div>\n\t\t\t\t<\/div>\n\t\t<div class=\"elementor-element elementor-element-e1285b3 e-con-full e-flex e-con e-child\" data-id=\"e1285b3\" data-element_type=\"container\" data-e-type=\"container\" data-settings=\"{&quot;background_background&quot;:&quot;classic&quot;}\">\n\t\t\t\t<div class=\"elementor-element elementor-element-162d6b4 elementor-widget elementor-widget-image\" data-id=\"162d6b4\" data-element_type=\"widget\" data-e-type=\"widget\" data-widget_type=\"image.default\">\n\t\t\t\t\t\t\t\t\t\t\t\t\t\t\t<img loading=\"lazy\" decoding=\"async\" width=\"1080\" height=\"1080\" src=\"https:\/\/servilar.ao\/wp-content\/uploads\/2025\/09\/servilar_cuidadosespecias.jpg\" class=\"attachment-full size-full wp-image-401\" alt=\"\" srcset=\"https:\/\/servilar.ao\/wp-content\/uploads\/2025\/09\/servilar_cuidadosespecias.jpg 1080w, https:\/\/servilar.ao\/wp-content\/uploads\/2025\/09\/servilar_cuidadosespecias-300x300.jpg 300w, https:\/\/servilar.ao\/wp-content\/uploads\/2025\/09\/servilar_cuidadosespecias-1024x1024.jpg 1024w, https:\/\/servilar.ao\/wp-content\/uploads\/2025\/09\/servilar_cuidadosespecias-150x150.jpg 150w, https:\/\/servilar.ao\/wp-content\/uploads\/2025\/09\/servilar_cuidadosespecias-768x768.jpg 768w\" sizes=\"(max-width: 1080px) 100vw, 1080px\" \/>\t\t\t\t\t\t\t\t\t\t\t\t\t\t\t<\/div>\n\t\t\t\t<div class=\"elementor-element elementor-element-6548312 elementor-widget elementor-widget-heading\" data-id=\"6548312\" data-element_type=\"widget\" data-e-type=\"widget\" data-widget_type=\"heading.default\">\n\t\t\t\t\t<h2 class=\"elementor-heading-title elementor-size-default\">Cuidados Especiais<\/h2>\t\t\t\t<\/div>\n\t\t\t\t<\/div>\n\t\t\t\t<\/div>\n\t\t\t\t\t<\/div>\n\t\t\t\t<\/div>\n\t\t<div class=\"elementor-element elementor-element-cdf2403 e-flex e-con-boxed e-con e-parent\" data-id=\"cdf2403\" data-element_type=\"container\" data-e-type=\"container\">\n\t\t\t\t\t<div class=\"e-con-inner\">\n\t\t<div class=\"elementor-element elementor-element-57aa59a e-con-full e-flex e-con e-child\" data-id=\"57aa59a\" data-element_type=\"container\" data-e-type=\"container\" data-settings=\"{&quot;background_background&quot;:&quot;classic&quot;}\">\n\t\t\t\t<div class=\"elementor-element elementor-element-e261ef0 elementor-widget__width-initial elementor-widget elementor-widget-text-editor\" data-id=\"e261ef0\" data-element_type=\"widget\" data-e-type=\"widget\" data-widget_type=\"text-editor.default\">\n\t\t\t\t\t\t\t\t\t<p><strong>Miss\u00e3o:<\/strong> Proporcionar um ambiente de seguran\u00e7a e confian\u00e7a por meio de servi\u00e7os dom\u00e9sticos e corporativos diferenciados, com alto padr\u00e3o de qualidade, promovendo bem-estar e profissionalismo.<\/p>\t\t\t\t\t\t\t\t<\/div>\n\t\t\t\t<\/div>\n\t\t\t\t\t<\/div>\n\t\t\t\t<\/div>\n\t\t<div class=\"elementor-element elementor-element-9ac5a04 e-flex e-con-boxed e-con e-parent\" data-id=\"9ac5a04\" data-element_type=\"container\" data-e-type=\"container\">\n\t\t\t\t\t<div class=\"e-con-inner\">\n\t\t<div class=\"elementor-element elementor-element-9623438 e-con-full e-flex e-con e-child\" data-id=\"9623438\" data-element_type=\"container\" data-e-type=\"container\" data-settings=\"{&quot;background_background&quot;:&quot;classic&quot;}\">\n\t\t\t\t<div class=\"elementor-element elementor-element-af071d4 elementor-widget__width-initial elementor-widget elementor-widget-text-editor\" data-id=\"af071d4\" data-element_type=\"widget\" data-e-type=\"widget\" data-widget_type=\"text-editor.default\">\n\t\t\t\t\t\t\t\t\t<p><strong>Vis\u00e3o:<\/strong> Ser a empresa l\u00edder em Angola no sector de servi\u00e7os dom\u00e9sticos e cuidados especializados, reconhecida pela \u00e9tica, inova\u00e7\u00e3o e excel\u00eancia operacional.<\/p>\t\t\t\t\t\t\t\t<\/div>\n\t\t\t\t<\/div>\n\t\t\t\t\t<\/div>\n\t\t\t\t<\/div>\n\t\t<div class=\"elementor-element elementor-element-dff5095 e-flex e-con-boxed e-con e-parent\" data-id=\"dff5095\" data-element_type=\"container\" data-e-type=\"container\">\n\t\t\t\t\t<div class=\"e-con-inner\">\n\t\t<div class=\"elementor-element elementor-element-568c2cb e-con-full e-flex e-con e-child\" data-id=\"568c2cb\" data-element_type=\"container\" data-e-type=\"container\" data-settings=\"{&quot;background_background&quot;:&quot;classic&quot;}\">\n\t\t\t\t<div class=\"elementor-element elementor-element-6b69b3c elementor-widget__width-initial elementor-widget elementor-widget-text-editor\" data-id=\"6b69b3c\" data-element_type=\"widget\" data-e-type=\"widget\" data-widget_type=\"text-editor.default\">\n\t\t\t\t\t\t\t\t\t<p><strong>Valores:<\/strong><br \/>\u2022 Respeito<br \/>\u2022 Profissionalismo<br \/>\u2022 Confian\u00e7a<br \/>\u2022 Humaniza\u00e7\u00e3o<br \/>\u2022 Seguran\u00e7a<\/p>\t\t\t\t\t\t\t\t<\/div>\n\t\t\t\t<\/div>\n\t\t\t\t\t<\/div>\n\t\t\t\t<\/div>\n\t\t\t\t<\/div>\n\t\t\n    <div class=\"xs_social_share_widget xs_share_url after_content \t\tmain_content  wslu-style-1 wslu-share-box-shaped wslu-fill-colored wslu-none wslu-share-horizontal wslu-theme-font-no wslu-main_content\">\n\n\t\t\n        <ul>\n\t\t\t        <\/ul>\n    <\/div> \n","protected":false},"excerpt":{"rendered":"<p>Quem somos Servilar \u00e9 a nova refer\u00eancia em Angola para servi\u00e7os dom\u00e9sticos e cuidados especializados. Cuidamos do que importa: seu lar, seu espa\u00e7o, sua confian\u00e7a. Cuidamos do seu lar e do seu espa\u00e7o corporativo com profissionalismo, seguran\u00e7a e aten\u00e7\u00e3o aos detalhes. A Servilar nasceu com o prop\u00f3sito de transformar e revolucionar o mercado de servi\u00e7os [&hellip;]<\/p>\n","protected":false},"author":1,"featured_media":0,"parent":0,"menu_order":0,"comment_status":"closed","ping_status":"closed","template":"elementor_header_footer","meta":{"postBodyCss":"","postBodyMargin":[],"postBodyPadding":[],"postBodyBackground":{"backgroundType":"classic","gradient":""},"footnotes":""},"class_list":["post-77","page","type-page","status-publish","hentry"],"_links":{"self":[{"href":"https:\/\/servilar.ao\/index.php\/wp-json\/wp\/v2\/pages\/77","targetHints":{"allow":["GET"]}}],"collection":[{"href":"https:\/\/servilar.ao\/index.php\/wp-json\/wp\/v2\/pages"}],"about":[{"href":"https:\/\/servilar.ao\/index.php\/wp-json\/wp\/v2\/types\/page"}],"author":[{"embeddable":true,"href":"https:\/\/servilar.ao\/index.php\/wp-json\/wp\/v2\/users\/1"}],"replies":[{"embeddable":true,"href":"https:\/\/servilar.ao\/index.php\/wp-json\/wp\/v2\/comments?post=77"}],"version-history":[{"count":70,"href":"https:\/\/servilar.ao\/index.php\/wp-json\/wp\/v2\/pages\/77\/revisions"}],"predecessor-version":[{"id":427,"href":"https:\/\/servilar.ao\/index.php\/wp-json\/wp\/v2\/pages\/77\/revisions\/427"}],"wp:attachment":[{"href":"https:\/\/servilar.ao\/index.php\/wp-json\/wp\/v2\/media?parent=77"}],"curies":[{"name":"wp","href":"https:\/\/api.w.org\/{rel}","templated":true}]}}